{"id":26,"date":"2024-01-03T11:06:22","date_gmt":"2024-01-03T11:06:22","guid":{"rendered":"http:\/\/192.168.0.130:10046\/?page_id=26"},"modified":"2025-07-14T11:53:05","modified_gmt":"2025-07-14T09:53:05","slug":"servizi","status":"publish","type":"page","link":"https:\/\/gtautomation.eu\/index.php\/servizi\/","title":{"rendered":"Servizi"},"content":{"rendered":"\t\t<div data-elementor-type=\"wp-page\" data-elementor-id=\"26\" class=\"elementor elementor-26\">\n\t\t\t\t\r\n\t\t<div class=\"default no-position show_shadow rs-sticky-default elementor-element elementor-element-df9e2d0 e-flex e-con-boxed e-con e-parent\" data-id=\"df9e2d0\" data-element_type=\"container\" data-e-type=\"container\">\n\t\t\t\t\t<div class=\"e-con-inner\">\n\t\t\r\n\t\t\t\t<div class=\"elementor-element elementor-element-071164d elementor-widget elementor-widget-text-editor\" data-id=\"071164d\" data-element_type=\"widget\" data-e-type=\"widget\" data-widget_type=\"text-editor.default\">\n\t\t\t\t\t\t\t\t\t<p>GT Automation analizza in profondit\u00e0 i processi produttivi per individuare opportunit\u00e0 di miglioramento, ottimizzando tempi, costi e aumentando la produttivit\u00e0. Grazie a un metodo ben strutturato, l\u2019azienda garantisce soluzioni mirate che migliorano l\u2019efficienza operativa e le prestazioni complessive.<\/p><p>Utilizziamo software all\u2019avanguardia come CAD PTC Creo Element\/Direct Modeling per creare progetti 3D di altissima precisione. Questa tecnologia ci consente di realizzare soluzioni innovative, allineate agli standard pi\u00f9 elevati di qualit\u00e0 e affidabilit\u00e0.<\/p>\t\t\t\t\t\t\t\t<\/div>\n\t\t\t\t\t<\/div>\n\t\t\t\t<\/div>\n\t\t\r\n\t\t<div class=\"default no-position show_shadow rs-sticky-default elementor-element elementor-element-e8256c4 e-flex e-con-boxed e-con e-parent\" data-id=\"e8256c4\" data-element_type=\"container\" data-e-type=\"container\" data-settings=\"{&quot;background_background&quot;:&quot;classic&quot;}\">\n\t\t\t\t\t<div class=\"e-con-inner\">\n\t\t\r\n\t\t\t\t<div class=\"elementor-element elementor-element-6cd2288 elementor-widget elementor-widget-rs-service-slider\" data-id=\"6cd2288\" data-element_type=\"widget\" data-e-type=\"widget\" data-widget_type=\"rs-service-slider.default\">\n\t\t\t\t<div class=\"elementor-widget-container\">\n\t\t\t\t\t        \r\n                    <div class=\"rsaddon-unique-slider uni-12066\">\r\n                <div id=\"rsaddon-slick-slider-12066\" class=\"rs-addon-slider rs-addon-slider-12066 rs-services-slider   service-style-2 slick-dots-2\">\r\n        \r\n                <div class=\"grid-item\">\r\n    <div class=\"rs-service-slider\">    \r\n                <div class=\"service-img\">\r\n                <a href=\"https:\/\/industrie.rstheme.com\/robotic\/services\/robot-installation\/\" >\r\n                <img decoding=\"async\" src=\"https:\/\/gtautomation.eu\/wp-content\/uploads\/2024\/03\/service-slider-slide1.png\" title=\"service-slider-slide1\" alt=\"service-slider-slide1\" loading=\"lazy\" \/>            <\/a>\r\n                \r\n            <\/div>\r\n        \r\n        <div class=\"service-title-holder btn_box fadeInUp\">\r\n            \r\n                                                <div class=\"service-title\">\r\n                    <h3 class=\"title\">\r\n                        <a href=\"https:\/\/industrie.rstheme.com\/robotic\/services\/robot-installation\/\" >\r\n                             Studi di fattibilit\u00e0                        <\/a>\r\n                        <\/h3>\r\n                    <\/div>\r\n                            \r\n                                        <div class=\"numbering \">\r\n                    <span>01<\/span>\r\n                <\/div>\r\n                        <!-- Button Style -->\r\n                        <!-- Button Style End -->\r\n        <\/div>\r\n    <\/div>\r\n<\/div>                    <div class=\"grid-item\">\r\n    <div class=\"rs-service-slider\">    \r\n                <div class=\"service-img\">\r\n                <a href=\"https:\/\/industrie.rstheme.com\/robotic\/services\/iot-integration\/\" >\r\n                <img decoding=\"async\" src=\"https:\/\/gtautomation.eu\/wp-content\/uploads\/2024\/03\/service-slider-slide2.png\" title=\"service-slider-slide2\" alt=\"service-slider-slide2\" loading=\"lazy\" \/>            <\/a>\r\n                \r\n            <\/div>\r\n        \r\n        <div class=\"service-title-holder btn_box fadeInUp\">\r\n            \r\n                                                <div class=\"service-title\">\r\n                    <h3 class=\"title\">\r\n                        <a href=\"https:\/\/industrie.rstheme.com\/robotic\/services\/iot-integration\/\" >\r\n                             Macchine e automazioni customizzate                        <\/a>\r\n                        <\/h3>\r\n                    <\/div>\r\n                            \r\n                                        <div class=\"numbering \">\r\n                    <span>02<\/span>\r\n                <\/div>\r\n                        <!-- Button Style -->\r\n                        <!-- Button Style End -->\r\n        <\/div>\r\n    <\/div>\r\n<\/div>                    <div class=\"grid-item\">\r\n    <div class=\"rs-service-slider\">    \r\n                <div class=\"service-img\">\r\n                <a href=\"https:\/\/industrie.rstheme.com\/robotic\/services\/factory-conveyors\/\" >\r\n                <img decoding=\"async\" src=\"https:\/\/gtautomation.eu\/wp-content\/uploads\/2024\/03\/service-slider-slide3.png\" title=\"service-slider-slide3\" alt=\"service-slider-slide3\" loading=\"lazy\" \/>            <\/a>\r\n                \r\n            <\/div>\r\n        \r\n        <div class=\"service-title-holder btn_box fadeInUp\">\r\n            \r\n                                                <div class=\"service-title\">\r\n                    <h3 class=\"title\">\r\n                        <a href=\"https:\/\/industrie.rstheme.com\/robotic\/services\/factory-conveyors\/\" >\r\n                             Realizzazione gruppi e particolari contro terzi                        <\/a>\r\n                        <\/h3>\r\n                    <\/div>\r\n                            \r\n                                        <div class=\"numbering \">\r\n                    <span>03<\/span>\r\n                <\/div>\r\n                        <!-- Button Style -->\r\n                        <!-- Button Style End -->\r\n        <\/div>\r\n    <\/div>\r\n<\/div>                    <div class=\"grid-item\">\r\n    <div class=\"rs-service-slider\">    \r\n                <div class=\"service-img\">\r\n                <a href=\"\" >\r\n                <img decoding=\"async\" src=\"https:\/\/gtautomation.eu\/wp-content\/plugins\/elementor\/assets\/images\/placeholder.png\" title=\"\" alt=\"\" loading=\"lazy\" \/>            <\/a>\r\n                \r\n            <\/div>\r\n        \r\n        <div class=\"service-title-holder btn_box fadeInUp\">\r\n            \r\n                                                <div class=\"service-title\">\r\n                    <h3 class=\"title\">\r\n                        <a href=\"\" >\r\n                             Spostamenti e revamping automazioni anche non GT                        <\/a>\r\n                        <\/h3>\r\n                    <\/div>\r\n                            \r\n                                        <div class=\"numbering \">\r\n                    <span>04<\/span>\r\n                <\/div>\r\n                        <!-- Button Style -->\r\n                        <!-- Button Style End -->\r\n        <\/div>\r\n    <\/div>\r\n<\/div>                    <div class=\"grid-item\">\r\n    <div class=\"rs-service-slider\">    \r\n                <div class=\"service-img\">\r\n                <a href=\"\" >\r\n                <img decoding=\"async\" src=\"https:\/\/gtautomation.eu\/wp-content\/plugins\/elementor\/assets\/images\/placeholder.png\" title=\"\" alt=\"\" loading=\"lazy\" \/>            <\/a>\r\n                \r\n            <\/div>\r\n        \r\n        <div class=\"service-title-holder btn_box fadeInUp\">\r\n            \r\n                                                <div class=\"service-title\">\r\n                    <h3 class=\"title\">\r\n                        <a href=\"\" >\r\n                             Sviluppo e creazione delle idee con il cliente                        <\/a>\r\n                        <\/h3>\r\n                    <\/div>\r\n                            \r\n                                        <div class=\"numbering \">\r\n                    <span>05<\/span>\r\n                <\/div>\r\n                        <!-- Button Style -->\r\n                        <!-- Button Style End -->\r\n        <\/div>\r\n    <\/div>\r\n<\/div>                    <div class=\"grid-item\">\r\n    <div class=\"rs-service-slider\">    \r\n                <div class=\"service-img\">\r\n                <a href=\"\" >\r\n                <img decoding=\"async\" src=\"https:\/\/gtautomation.eu\/wp-content\/plugins\/elementor\/assets\/images\/placeholder.png\" title=\"\" alt=\"\" loading=\"lazy\" \/>            <\/a>\r\n                \r\n            <\/div>\r\n        \r\n        <div class=\"service-title-holder btn_box fadeInUp\">\r\n            \r\n                                                <div class=\"service-title\">\r\n                    <h3 class=\"title\">\r\n                        <a href=\"\" >\r\n                             Assistenza da remoto ed in presenza                        <\/a>\r\n                        <\/h3>\r\n                    <\/div>\r\n                            \r\n                                        <div class=\"numbering \">\r\n                    <span>06<\/span>\r\n                <\/div>\r\n                        <!-- Button Style -->\r\n                        <!-- Button Style End -->\r\n        <\/div>\r\n    <\/div>\r\n<\/div>                    <div class=\"grid-item\">\r\n    <div class=\"rs-service-slider\">    \r\n                <div class=\"service-img\">\r\n                <a href=\"\" >\r\n                <img decoding=\"async\" src=\"https:\/\/gtautomation.eu\/wp-content\/plugins\/elementor\/assets\/images\/placeholder.png\" title=\"\" alt=\"\" loading=\"lazy\" \/>            <\/a>\r\n                \r\n            <\/div>\r\n        \r\n        <div class=\"service-title-holder btn_box fadeInUp\">\r\n            \r\n                                                <div class=\"service-title\">\r\n                    <h3 class=\"title\">\r\n                        <a href=\"\" >\r\n                             Professionalit\u00e0 competenze e passione                        <\/a>\r\n                        <\/h3>\r\n                    <\/div>\r\n                            \r\n                                        <div class=\"numbering \">\r\n                    <span>07<\/span>\r\n                <\/div>\r\n                        <!-- Button Style -->\r\n                        <!-- Button Style End -->\r\n        <\/div>\r\n    <\/div>\r\n<\/div>                            <\/div>\r\n                            <div class=\"rsaddon-slider-conf uni-12066 wpsisac-hide\" data-conf=\"{&quot;slidesToShow&quot;:&quot;3&quot;,&quot;autoplaySpeed&quot;:&quot;3000&quot;,&quot;interval&quot;:&quot;3000&quot;,&quot;slidesToScroll&quot;:&quot;2&quot;,&quot;slider_autoplay&quot;:&quot;true&quot;,&quot;pauseOnHover&quot;:&quot;false&quot;,&quot;sliderDots&quot;:&quot;false&quot;,&quot;sliderNav&quot;:&quot;false&quot;,&quot;infinite&quot;:&quot;true&quot;,&quot;centerMode&quot;:&quot;false&quot;,&quot;col_lg&quot;:&quot;3&quot;,&quot;col_md&quot;:&quot;2&quot;,&quot;col_sm&quot;:&quot;2&quot;,&quot;col_xs&quot;:&quot;1&quot;}\"><\/div>\r\n                    <\/div>\r\n                <script type=\"text\/javascript\">\r\n            jQuery(document).ready(function() {\r\n                jQuery('.rs-addon-slider-12066').each(function(index) {\r\n                    var slider_id = jQuery(this).attr('id');\r\n                    var slider_conf = jQuery.parseJSON(jQuery(this).closest('.rsaddon-unique-slider.uni-12066').find('.rsaddon-slider-conf.uni-12066').attr('data-conf'));\r\n\r\n                    if (typeof(slider_id) != 'undefined' && slider_id != '') {\r\n                        jQuery('#' + slider_id).not('.slick-initialized').slick({\r\n                            slidesToShow: parseInt(slider_conf.col_lg),\r\n                            centerMode: (slider_conf.centerMode) == \"true\" ? true : false,\r\n                            dots: (slider_conf.sliderDots) == \"true\" ? true : false,\r\n                            arrows: (slider_conf.sliderNav) == \"true\" ? true : false,\r\n                            autoplay: (slider_conf.slider_autoplay) == \"true\" ? true : false,\r\n                            slidesToScroll: parseInt(slider_conf.slidesToScroll),\r\n                            centerPadding: '15px',\r\n                            autoplaySpeed: parseInt(slider_conf.autoplaySpeed),\r\n                            pauseOnHover: (slider_conf.pauseOnHover) == \"true\" ? true : false,\r\n                            loop: false,\r\n                                                       rtl: false,\r\n                            responsive: [{\r\n                                    breakpoint: 1200,\r\n                                    settings: {\r\n                                        slidesToShow: parseInt(slider_conf.col_md),\r\n                                    }\r\n                                },\r\n                                {\r\n                                    breakpoint: 992,\r\n                                    settings: {\r\n                                        slidesToShow: parseInt(slider_conf.col_sm),\r\n                                    }\r\n                                },\r\n                                {\r\n                                    breakpoint: 768,\r\n                                    settings: {\r\n                                        arrows: false,\r\n                                        slidesToShow: parseInt(slider_conf.col_xs),\r\n                                    }\r\n                                },\r\n                            ]\r\n                        });\r\n                    }\r\n\r\n                });\r\n            });\r\n        <\/script>\r\n\t\t\t\t<\/div>\n\t\t\t\t<\/div>\n\t\t\t\t\t<\/div>\n\t\t\t\t<\/div>\n\t\t\r\n\t\t<div class=\"default no-position show_shadow rs-sticky-default elementor-element elementor-element-ad125d4 e-flex e-con-boxed e-con e-parent\" data-id=\"ad125d4\" data-element_type=\"container\" data-e-type=\"container\">\n\t\t\t\t\t<div class=\"e-con-inner\">\n\t\t\r\n\t\t\t\t<div class=\"elementor-element elementor-element-6e82e38 elementor-widget elementor-widget-text-editor\" data-id=\"6e82e38\" data-element_type=\"widget\" data-e-type=\"widget\" data-widget_type=\"text-editor.default\">\n\t\t\t\t\t\t\t\t\t<p>GT Automation offre un\u2019ampia gamma di servizi dedicati all\u2019automazione dei processi produttivi, garantendo soluzioni personalizzate e innovative.<br \/>Ogni servizio \u00e8 progettato per assicurare massima efficienza, qualit\u00e0 e sostenibilit\u00e0.<\/p>\t\t\t\t\t\t\t\t<\/div>\n\t\t\t\t\t<\/div>\n\t\t\t\t<\/div>\n\t\t\t\t<\/div>\n\t\t","protected":false},"excerpt":{"rendered":"<p>GT Automation analizza in profondit\u00e0 i processi produttivi per individuare opportunit\u00e0 di miglioramento, ottimizzando tempi, costi e aumentando la produttivit\u00e0. Grazie a un metodo ben strutturato, l\u2019azienda garantisce soluzioni mirate che migliorano l\u2019efficienza operativa e le prestazioni complessive. Utilizziamo software all\u2019avanguardia come CAD PTC Creo Element\/Direct Modeling per creare progetti 3D di altissima precisione. Questa&#8230;<\/p>\n","protected":false},"author":1,"featured_media":0,"parent":0,"menu_order":0,"comment_status":"closed","ping_status":"closed","template":"elementor_header_footer","meta":{"footnotes":""},"class_list":["post-26","page","type-page","status-publish","hentry"],"_links":{"self":[{"href":"https:\/\/gtautomation.eu\/index.php\/wp-json\/wp\/v2\/pages\/26","targetHints":{"allow":["GET"]}}],"collection":[{"href":"https:\/\/gtautomation.eu\/index.php\/wp-json\/wp\/v2\/pages"}],"about":[{"href":"https:\/\/gtautomation.eu\/index.php\/wp-json\/wp\/v2\/types\/page"}],"author":[{"embeddable":true,"href":"https:\/\/gtautomation.eu\/index.php\/wp-json\/wp\/v2\/users\/1"}],"replies":[{"embeddable":true,"href":"https:\/\/gtautomation.eu\/index.php\/wp-json\/wp\/v2\/comments?post=26"}],"version-history":[{"count":0,"href":"https:\/\/gtautomation.eu\/index.php\/wp-json\/wp\/v2\/pages\/26\/revisions"}],"wp:attachment":[{"href":"https:\/\/gtautomation.eu\/index.php\/wp-json\/wp\/v2\/media?parent=26"}],"curies":[{"name":"wp","href":"https:\/\/api.w.org\/{rel}","templated":true}]}}